{"id":1486,"date":"2021-11-04T10:56:32","date_gmt":"2021-11-04T09:56:32","guid":{"rendered":"https:\/\/blog.ochutnej-orech.cz\/?page_id=1486"},"modified":"2023-11-14T13:50:53","modified_gmt":"2023-11-14T12:50:53","slug":"vanocni-kucharka","status":"publish","type":"page","link":"https:\/\/oocz.wps.cz\/vanocni-kucharka","title":{"rendered":"V\u00e1no\u010dn\u00ed kucha\u0159ka zdarma: 6 nejlep\u0161\u00edch o\u0159echov\u00fdch recept\u016f"},"content":{"rendered":"\n<figure class=\"wp-block-image size-large\"><img decoding=\"async\" width=\"700\" height=\"467\" src=\"https:\/\/www.ochutnejorech.cz\/blog\/wp-content\/uploads\/2021\/11\/vanocni-kucharka-nahled-700x467.jpg\" alt=\"\" class=\"wp-image-1481\" srcset=\"https:\/\/oocz.wps.cz\/wp-content\/uploads\/2021\/11\/vanocni-kucharka-nahled-700x467.jpg 700w, https:\/\/oocz.wps.cz\/wp-content\/uploads\/2021\/11\/vanocni-kucharka-nahled-300x200.jpg 300w, https:\/\/oocz.wps.cz\/wp-content\/uploads\/2021\/11\/vanocni-kucharka-nahled-768x512.jpg 768w, https:\/\/oocz.wps.cz\/wp-content\/uploads\/2021\/11\/vanocni-kucharka-nahled-800x533.jpg 800w, https:\/\/oocz.wps.cz\/wp-content\/uploads\/2021\/11\/vanocni-kucharka-nahled.jpg 1200w\" sizes=\"(max-width: 700px) 100vw, 700px\" \/><\/figure>\n\n\n\n<p>Na tomto blogu pro v\u00e1s ka\u017ed\u00fd m\u011bs\u00edc publikujeme n\u011bkolik pe\u010dliv\u011b vyzkou\u0161en\u00fdch recept\u016f s o\u0159echy. S bl\u00ed\u017e\u00edc\u00edm se v\u00e1no\u010dn\u00edm \u010dasem bychom v\u00e1m r\u00e1di nab\u00eddli inspiraci k <strong>v\u00e1no\u010dn\u00edmu pe\u010den\u00ed<\/strong>. ?<\/p>\n\n\n\n<p>Na\u0161e kucha\u0159ka vznikla spojen\u00edm l\u00e1sky ke zdrav\u00e9mu \u017eivotn\u00edmu stylu a na\u0161\u00ed v\u00e1\u0161ni k va\u0159en\u00ed, pe\u010den\u00ed a experimentov\u00e1n\u00ed. V Kucha\u0159ce najdete na\u0161e obl\u00edben\u00e9 v\u00e1no\u010dn\u00ed recepty, kter\u00e9 jsou zalo\u017een\u00e9 na kvalitn\u00edch a zdrav\u00fdch ingredienc\u00edch.<\/p>\n\n\n\n<p><strong>V\u011b\u0159\u00edme, \u017ee si na\u0161e v\u00e1no\u010dn\u00ed recepty zamilujete stejn\u011b jako my. ?<\/strong><\/p>\n\n\n\n<script>\n        (function (w,d,s,o,f,js,fjs) {\n            w['ecm-widget']=o;w[o] = w[o] || function () { (w[o].q = w[o].q || []).push(arguments) };\n            js = d.createElement(s), fjs = d.getElementsByTagName(s)[0];\n            js.id = '10-b87b958d61baa85a6fa011ee4e3a4f75'; js.dataset.a = 'ochutnejorechcz'; js.src = f; js.async = 1; fjs.parentNode.insertBefore(js, fjs);\n        }(window, document, 'script', 'ecmwidget', 'https:\/\/d70shl7vidtft.cloudfront.net\/widget.js'));\n    <\/script>\n            <div id=\"f-10-b87b958d61baa85a6fa011ee4e3a4f75\"><\/div>\n","protected":false},"excerpt":{"rendered":"<p>Na tomto blogu pro v\u00e1s ka\u017ed\u00fd m\u011bs\u00edc publikujeme n\u011bkolik pe\u010dliv\u011b vyzkou\u0161en\u00fdch recept\u016f s o\u0159echy. S bl\u00ed\u017e\u00edc\u00edm se v\u00e1no\u010dn\u00edm \u010dasem bychom v\u00e1m r\u00e1di nab\u00eddli inspiraci k v\u00e1no\u010dn\u00edmu pe\u010den\u00ed. ? Na\u0161e kucha\u0159ka vznikla spojen\u00edm l\u00e1sky ke zdrav\u00e9mu \u017eivotn\u00edmu stylu a na\u0161\u00ed v\u00e1\u0161ni k va\u0159en\u00ed, pe\u010den\u00ed a experimentov\u00e1n\u00ed. V Kucha\u0159ce najdete na\u0161e obl\u00edben\u00e9 v\u00e1no\u010dn\u00ed recepty, kter\u00e9 jsou zalo\u017een\u00e9&#8230;<\/p>\n","protected":false},"author":2,"featured_media":0,"parent":0,"menu_order":0,"comment_status":"closed","ping_status":"closed","template":"nosidebar.php","meta":{"_acf_changed":false,"_lmt_disableupdate":"","_lmt_disable":"","wprm-recipe-roundup-name":"","wprm-recipe-roundup-description":"","footnotes":""},"class_list":["post-1486","page","type-page","status-publish","hentry"],"featured_image_src":null,"acf":[],"_links":{"self":[{"href":"https:\/\/oocz.wps.cz\/wp-json\/wp\/v2\/pages\/1486","targetHints":{"allow":["GET"]}}],"collection":[{"href":"https:\/\/oocz.wps.cz\/wp-json\/wp\/v2\/pages"}],"about":[{"href":"https:\/\/oocz.wps.cz\/wp-json\/wp\/v2\/types\/page"}],"author":[{"embeddable":true,"href":"https:\/\/oocz.wps.cz\/wp-json\/wp\/v2\/users\/2"}],"replies":[{"embeddable":true,"href":"https:\/\/oocz.wps.cz\/wp-json\/wp\/v2\/comments?post=1486"}],"version-history":[{"count":5,"href":"https:\/\/oocz.wps.cz\/wp-json\/wp\/v2\/pages\/1486\/revisions"}],"predecessor-version":[{"id":6245,"href":"https:\/\/oocz.wps.cz\/wp-json\/wp\/v2\/pages\/1486\/revisions\/6245"}],"wp:attachment":[{"href":"https:\/\/oocz.wps.cz\/wp-json\/wp\/v2\/media?parent=1486"}],"curies":[{"name":"wp","href":"https:\/\/api.w.org\/{rel}","templated":true}]}}