{"id":1698,"date":"2022-04-07T12:16:53","date_gmt":"2022-04-07T10:16:53","guid":{"rendered":"https:\/\/blog.ochutnej-orech.cz\/?page_id=1698"},"modified":"2022-04-07T12:16:54","modified_gmt":"2022-04-07T10:16:54","slug":"velikonocni-kucharka-email","status":"publish","type":"page","link":"https:\/\/oocz.wps.cz\/velikonocni-kucharka-email","title":{"rendered":"Velikono\u010dn\u00ed kucha\u0159ka: 10 osv\u011bd\u010den\u00fdch zdrav\u00fdch recept\u016f"},"content":{"rendered":"\n<figure class=\"wp-block-image size-large\"><img decoding=\"async\" width=\"700\" height=\"500\" src=\"https:\/\/www.ochutnejorech.cz\/blog\/wp-content\/uploads\/2022\/03\/velikonocni-kucharka-700x500.jpg\" alt=\"\" class=\"wp-image-1667\" srcset=\"https:\/\/oocz.wps.cz\/wp-content\/uploads\/2022\/03\/velikonocni-kucharka-700x500.jpg 700w, https:\/\/oocz.wps.cz\/wp-content\/uploads\/2022\/03\/velikonocni-kucharka-300x214.jpg 300w, https:\/\/oocz.wps.cz\/wp-content\/uploads\/2022\/03\/velikonocni-kucharka-768x549.jpg 768w, https:\/\/oocz.wps.cz\/wp-content\/uploads\/2022\/03\/velikonocni-kucharka-800x571.jpg 800w, https:\/\/oocz.wps.cz\/wp-content\/uploads\/2022\/03\/velikonocni-kucharka.jpg 1400w\" sizes=\"(max-width: 700px) 100vw, 700px\" \/><\/figure>\n\n\n\n<p>Na\u0161e kucha\u0159ka vznikla spojen\u00edm l\u00e1sky ke zdrav\u00e9mu \u017eivotn\u00edmu stylu a na\u0161\u00ed v\u00e1\u0161ni k va\u0159en\u00ed, pe\u010den\u00ed a experimentov\u00e1n\u00ed. Za recepty stoj\u00ed roky zkou\u0161en\u00ed a testov\u00e1n\u00ed r\u016fzn\u00fdch kombinac\u00ed pom\u011br\u016f a ingredienc\u00ed.<\/p>\n\n\n\n<p>V kucha\u0159ce najdete na\u0161e obl\u00edben\u00e9 velikono\u010dn\u00ed a jarn\u00ed recepty, kter\u00e9 jsou zalo\u017een\u00e9 na <strong>kvalitn\u00edch a zdrav\u00fdch ingredienc\u00edch<\/strong>, ale slibujeme v\u00e1m, \u017ee budou chutnat i t\u011bm, kte\u0159\u00ed zdrav\u00e9mu \u017eivotn\u00edmu stylu zat\u00edm nepropadli.<\/p>\n\n\n\n<p>Nezam\u011b\u0159ovali jsme se pouze na jeden typ stravov\u00e1n\u00ed. Mysleli jsme i na ty, kte\u0159\u00ed miluj\u00ed <strong>raw dezerty \u010di va\u0159en\u00ed podle low-carb stravov\u00e1n\u00ed<\/strong>. V\u011bt\u0161ina recept\u016f je vhodn\u00ed pro bezlepkovou dietu.<\/p>\n\n\n\n<div class=\"wp-block-buttons aligncenter is-layout-flex wp-block-buttons-is-layout-flex\">\n<div class=\"wp-block-button align: center\"><a class=\"wp-block-button__link has-text-color has-very-light-gray-color has-background has-vivid-red-background-color\" href=\"https:\/\/www.ochutnejorech.cz\/blog\/download\/1671\/\" target=\"_blank\" rel=\"noopener\">St\u00e1hnout kucha\u0159ku ZDARMA<\/a><\/div>\n<\/div>\n\n\n\n<h2 class=\"wp-block-heading\">Jak\u00e9 recepty v kucha\u0159ce najdete<\/h2>\n\n\n\n<ul class=\"wp-block-list\"><li>Velikono\u010dn\u00ed ber\u00e1nek<\/li><li>Velikono\u010dn\u00ed mazanec z tvarohu<\/li><li>Zelen\u00e1 velikono\u010dn\u00ed pol\u00e9vka<\/li><li>Dom\u00e1c\u00ed bazalkov\u00e9 pesto<\/li><li>Jarn\u00ed z\u00e1livka na sal\u00e1t<\/li><li>Cuketov\u00e9 \u0161pagety s pestem z pist\u00e1ci\u00ed<\/li><li>Velikono\u010dn\u00ed sekan\u00e1<\/li><li>Sicilsk\u00e1 pist\u00e1ciov\u00e1 om\u00e1\u010dka<\/li><li>Nepe\u010den\u00fd mrkvov\u00fd dort s ke\u0161u kr\u00e9mem<\/li><li>Pist\u00e1ciov\u00fd raw dort<\/li><\/ul>\n\n\n\n<div class=\"wp-block-buttons aligncenter is-layout-flex wp-block-buttons-is-layout-flex\">\n<div class=\"wp-block-button align: center\"><a class=\"wp-block-button__link has-text-color has-very-light-gray-color has-background has-vivid-red-background-color\" href=\"https:\/\/www.ochutnejorech.cz\/blog\/download\/1671\/\" target=\"_blank\" rel=\"noopener\">St\u00e1hnout kucha\u0159ku ZDARMA<\/a><\/div>\n<\/div>\n\n\n\n<p><\/p>\n","protected":false},"excerpt":{"rendered":"<p>Na\u0161e kucha\u0159ka vznikla spojen\u00edm l\u00e1sky ke zdrav\u00e9mu \u017eivotn\u00edmu stylu a na\u0161\u00ed v\u00e1\u0161ni k va\u0159en\u00ed, pe\u010den\u00ed a experimentov\u00e1n\u00ed. Za recepty stoj\u00ed roky zkou\u0161en\u00ed a testov\u00e1n\u00ed r\u016fzn\u00fdch kombinac\u00ed pom\u011br\u016f a ingredienc\u00ed. V kucha\u0159ce najdete na\u0161e obl\u00edben\u00e9 velikono\u010dn\u00ed a jarn\u00ed recepty, kter\u00e9 jsou zalo\u017een\u00e9 na kvalitn\u00edch a zdrav\u00fdch ingredienc\u00edch, ale slibujeme v\u00e1m, \u017ee budou chutnat i t\u011bm, kte\u0159\u00ed&#8230;<\/p>\n","protected":false},"author":2,"featured_media":0,"parent":0,"menu_order":0,"comment_status":"closed","ping_status":"closed","template":"nosidebar.php","meta":{"_acf_changed":false,"_lmt_disableupdate":"","_lmt_disable":"","wprm-recipe-roundup-name":"","wprm-recipe-roundup-description":"","footnotes":""},"class_list":["post-1698","page","type-page","status-publish","hentry"],"featured_image_src":null,"acf":[],"_links":{"self":[{"href":"https:\/\/oocz.wps.cz\/wp-json\/wp\/v2\/pages\/1698","targetHints":{"allow":["GET"]}}],"collection":[{"href":"https:\/\/oocz.wps.cz\/wp-json\/wp\/v2\/pages"}],"about":[{"href":"https:\/\/oocz.wps.cz\/wp-json\/wp\/v2\/types\/page"}],"author":[{"embeddable":true,"href":"https:\/\/oocz.wps.cz\/wp-json\/wp\/v2\/users\/2"}],"replies":[{"embeddable":true,"href":"https:\/\/oocz.wps.cz\/wp-json\/wp\/v2\/comments?post=1698"}],"version-history":[{"count":5,"href":"https:\/\/oocz.wps.cz\/wp-json\/wp\/v2\/pages\/1698\/revisions"}],"predecessor-version":[{"id":1703,"href":"https:\/\/oocz.wps.cz\/wp-json\/wp\/v2\/pages\/1698\/revisions\/1703"}],"wp:attachment":[{"href":"https:\/\/oocz.wps.cz\/wp-json\/wp\/v2\/media?parent=1698"}],"curies":[{"name":"wp","href":"https:\/\/api.w.org\/{rel}","templated":true}]}}