{"id":2948,"date":"2023-04-20T14:34:55","date_gmt":"2023-04-20T12:34:55","guid":{"rendered":"https:\/\/blog.ochutnej-orech.cz\/?page_id=2948"},"modified":"2023-04-20T14:40:08","modified_gmt":"2023-04-20T12:40:08","slug":"kucharky","status":"publish","type":"page","link":"https:\/\/oocz.wps.cz\/kucharky","title":{"rendered":"Kucha\u0159ky Ochutnej O\u0159ech"},"content":{"rendered":"\n<p><strong>V\u00edtejte na na\u0161em blogu, milovn\u00edci dobr\u00e9ho j\u00eddla a sv\u00e1te\u010dn\u00edch pochoutek!<\/strong> Jsme nad\u0161eni, \u017ee v\u00e1m m\u016f\u017eeme p\u0159edstavit dv\u011b \u00fa\u017easn\u00e9 e-kucha\u0159ky, kter\u00e9 jsme pe\u010dliv\u011b p\u0159ipravili, aby v\u00e1m pomohly oslavit ty nejkr\u00e1sn\u011bj\u0161\u00ed chv\u00edle roku. <strong>A co je nejlep\u0161\u00ed? Tyto kucha\u0159ky si m\u016f\u017eete st\u00e1hnout zcela zdarma!<\/strong><\/p>\n\n\n\n<p>Na\u0161e velikono\u010dn\u00ed a v\u00e1no\u010dn\u00ed kucha\u0159ky se zam\u011b\u0159uj\u00ed na jedine\u010dn\u00e9 a lahodn\u00e9 recepty, jejich\u017e hlavn\u00edmi ingrediencemi jsou o\u0159echy. O\u0159echy jsou nejen v\u00fd\u017eivn\u00e9, ale tak\u00e9 dod\u00e1vaj\u00ed j\u00eddl\u016fm kr\u00e1snou texturu a chu\u0165, co\u017e z nich d\u011bl\u00e1 ide\u00e1ln\u00ed sou\u010d\u00e1st mnoha sv\u00e1te\u010dn\u00edch pokrm\u016f.<\/p>\n\n\n\n<p><a href=\"https:\/\/www.ochutnejorech.cz\/blog\/velikonocni-kucharka\" target=\"_blank\" rel=\"noopener\"><strong>Velikono\u010dn\u00ed kucha\u0159ka<\/strong><\/a> v\u00e1s provede r\u016fzn\u00fdmi tradi\u010dn\u00edmi i netradi\u010dn\u00edmi recepty, kter\u00e9 v\u00e1m pomohou p\u0159iv\u00e9st jaro do va\u0161\u00ed kuchyn\u011b. Budete moci vytvo\u0159it lahodn\u00e9 pokrmy, jako jsou nap\u0159\u00edklad mazanec, ber\u00e1nek, nebo n\u00e1dhern\u011b zdoben\u00e9 pern\u00ed\u010dky.<\/p>\n\n\n\n<p><a href=\"https:\/\/www.ochutnejorech.cz\/blog\/vanocni-kucharka\" target=\"_blank\" rel=\"noopener\"><strong>V\u00e1no\u010dn\u00ed kucha\u0159ka<\/strong><\/a> je pak pln\u00e1 \u00fa\u017easn\u00fdch n\u00e1pad\u016f, kter\u00e9 prom\u011bn\u00ed v\u00e1\u0161 v\u00e1no\u010dn\u00ed st\u016fl v gurm\u00e1nsk\u00fd z\u00e1\u017eitek. Naleznete zde klasick\u00e9 pokrmy, jako je cukrov\u00ed, v\u00e1no\u010dka, o\u0159echov\u00e9 rol\u00e1dy, ale tak\u00e9 inovativn\u00ed recepty, kter\u00e9 zaujmou va\u0161e hosty a roz\u0161\u00ed\u0159\u00ed va\u0161i sv\u00e1te\u010dn\u00ed nab\u00eddku.<\/p>\n\n\n\n<p><strong>Ob\u011b kucha\u0159ky nab\u00edz\u00ed jasn\u011b popsan\u00e9 postupy a n\u00e1vodn\u00e9 fotografie, kter\u00e9 v\u00e1s krok za krokem provedou p\u0159\u00edpravou jednotliv\u00fdch pokrm\u016f. <\/strong>A\u0165 u\u017e jste zku\u0161en\u00ed kucha\u0159i nebo teprve za\u010d\u00e1te\u010dn\u00edci, tyto kucha\u0159ky v\u00e1m poskytnou inspiraci, jak pro\u017e\u00edt sv\u00e1tky v pohodl\u00ed va\u0161eho domova a p\u0159ekvapit va\u0161e nejbli\u017e\u0161\u00ed skv\u011bl\u00fdmi pokrmy.<\/p>\n\n\n\n<p>Nez\u00e1le\u017e\u00ed na tom, zda hled\u00e1te recepty pro tradi\u010dn\u00ed oslavu nebo si chcete vyzkou\u0161et n\u011bco nov\u00e9ho, na\u0161e kucha\u0159ky v\u00e1m poskytnou inspiraci a n\u00e1vody, jak si u\u017e\u00edt sv\u00e1tky s chut\u00ed a stylem. St\u00e1hn\u011bte si je zdarma a za\u010dn\u011bte objevovat sv\u011bt sv\u00e1te\u010dn\u00edch dobrot pln\u00fd o\u0159ech\u016f!<\/p>\n\n\n\n<p><\/p>\n","protected":false},"excerpt":{"rendered":"<p>V\u00edtejte na na\u0161em blogu, milovn\u00edci dobr\u00e9ho j\u00eddla a sv\u00e1te\u010dn\u00edch pochoutek! Jsme nad\u0161eni, \u017ee v\u00e1m m\u016f\u017eeme p\u0159edstavit dv\u011b \u00fa\u017easn\u00e9 e-kucha\u0159ky, kter\u00e9 jsme pe\u010dliv\u011b p\u0159ipravili, aby v\u00e1m pomohly oslavit ty nejkr\u00e1sn\u011bj\u0161\u00ed chv\u00edle roku. A co je nejlep\u0161\u00ed? Tyto kucha\u0159ky si m\u016f\u017eete st\u00e1hnout zcela zdarma! Na\u0161e velikono\u010dn\u00ed a v\u00e1no\u010dn\u00ed kucha\u0159ky se zam\u011b\u0159uj\u00ed na jedine\u010dn\u00e9 a lahodn\u00e9 recepty, jejich\u017e&#8230;<\/p>\n","protected":false},"author":2,"featured_media":0,"parent":0,"menu_order":0,"comment_status":"closed","ping_status":"closed","template":"","meta":{"_acf_changed":false,"_lmt_disableupdate":"","_lmt_disable":"","wprm-recipe-roundup-name":"","wprm-recipe-roundup-description":"","footnotes":""},"class_list":["post-2948","page","type-page","status-publish","hentry"],"featured_image_src":null,"acf":[],"_links":{"self":[{"href":"https:\/\/oocz.wps.cz\/wp-json\/wp\/v2\/pages\/2948","targetHints":{"allow":["GET"]}}],"collection":[{"href":"https:\/\/oocz.wps.cz\/wp-json\/wp\/v2\/pages"}],"about":[{"href":"https:\/\/oocz.wps.cz\/wp-json\/wp\/v2\/types\/page"}],"author":[{"embeddable":true,"href":"https:\/\/oocz.wps.cz\/wp-json\/wp\/v2\/users\/2"}],"replies":[{"embeddable":true,"href":"https:\/\/oocz.wps.cz\/wp-json\/wp\/v2\/comments?post=2948"}],"version-history":[{"count":2,"href":"https:\/\/oocz.wps.cz\/wp-json\/wp\/v2\/pages\/2948\/revisions"}],"predecessor-version":[{"id":2953,"href":"https:\/\/oocz.wps.cz\/wp-json\/wp\/v2\/pages\/2948\/revisions\/2953"}],"wp:attachment":[{"href":"https:\/\/oocz.wps.cz\/wp-json\/wp\/v2\/media?parent=2948"}],"curies":[{"name":"wp","href":"https:\/\/api.w.org\/{rel}","templated":true}]}}