{"id":5369,"date":"2023-10-03T15:30:06","date_gmt":"2023-10-03T13:30:06","guid":{"rendered":"https:\/\/ochutnejorech.cz\/blog\/?page_id=5369"},"modified":"2024-01-25T16:15:13","modified_gmt":"2024-01-25T15:15:13","slug":"napsali-o-nas","status":"publish","type":"page","link":"https:\/\/oocz.wps.cz\/napsali-o-nas","title":{"rendered":"Napsali o n\u00e1s"},"content":{"rendered":"\n<p><em>Ka\u017edop\u00e1dn\u011b jsem na nic ne\u010dekal a hned jsem za\u010dal o\u0159\u00ed\u0161ky ochutn\u00e1vat. Co\u017e mo\u017en\u00e1 byla lehce chyba, proto\u017ee jsem n\u011bjak nemohl p\u0159estat:) D\u016fvodem byla naprosto fenomen\u00e1ln\u00ed chu\u0165 a to naprosto v\u0161eho, co jsem otev\u0159el. To jsem je\u0161t\u011b p\u0159i testov\u00e1n\u00ed neza\u017eil:)<\/em><\/p>\n\n\n\n<p><strong>Radek \u010cern\u00fd<\/strong> \u2013 ecoblog.cz: <a href=\"https:\/\/ecoblog.cz\/recenze-ochutnej-orech-zkusenost\/\" target=\"_blank\" rel=\"noopener\">Recenze Ochutnej o\u0159ech<\/a>&nbsp;<\/p>\n\n\n\n<p><em>Tohle o\u0159\u00ed\u0161kov\u00e9 m\u00e1slo bylo takov\u00e9 tu\u017e\u0161\u00ed. Ale na funkci a chu\u0165 to nem\u011blo v\u016fbec \u017e\u00e1dn\u00fd vliv. Na croissantu, to bylo super a na tepl\u00e9 pala\u010dince se to kr\u00e1sn\u011b rozpustilo. V obou p\u0159\u00edpadech, mil\u00fd \u010dten\u00e1\u0159i, to bylo nebe v hub\u011b. ? K\u00e9\u017e bych v\u00e1m dok\u00e1zal ten z\u00e1\u017eitek zprost\u0159edkovat n\u011bjak intenzivn\u011bji.<\/em><\/p>\n\n\n\n<p><strong>Du\u0161an Sou\u010dek<\/strong> \u2013 milujemefitness.cz: <a href=\"https:\/\/milujemefitness.cz\/ochutnej-orech-recenze\/\" target=\"_blank\" rel=\"noopener\">Recenze Ochutnej o\u0159ech<\/a><\/p>\n\n\n\n<p><em>Ve chv\u00edli, kdy je poprv\u00e9 vlo\u017e\u00edte do \u00fast a zkousnete, tak nebudete cht\u00edt p\u0159estat. To v\u00edm moc dob\u0159e z vlastn\u00ed zku\u0161enosti ?Jejich konzumace je snadn\u00e1 a o\u0159ech p\u0159i skousnut\u00ed neklade skoro \u017e\u00e1dn\u00fd odpor. Prost\u011b jako m\u00e1sl\u00ed\u010dko ?<\/em><\/p>\n\n\n\n<p>grasa.cz \u2013 <a href=\"https:\/\/grasa.cz\/blog\/2022\/11\/15\/recenze-ochutnej-orech-test-5-produktu-a-moje-zkusenost\/\" target=\"_blank\" rel=\"noopener\">Recenze Ochutnej o\u0159ech<\/a><\/p>\n\n\n\n<p><em>Prvn\u00ed dojem z bal\u00ed\u010dku je tedy rozhodn\u011b pozitivn\u00ed. Na\u0161e nad\u0161en\u00ed je\u0161t\u011b trochu stoupne, kdy\u017e mezi objednan\u00fdmi produkty naraz\u00edme na\u00a0<strong>d\u00e1re\u010dek zdarma<\/strong>\u00a0v podob\u011b su\u0161en\u00e9ho ban\u00e1nu.<\/em><\/p>\n\n\n\n<p>Daniel Koval\u010d\u00edk &#8211; poznejsvezdravi.cz:\u00a0<a href=\"https:\/\/www.poznejsvezdravi.cz\/ochutnej-orech-recenze-produktu\/\" target=\"_blank\" rel=\"noopener\">Recenze ochutnej o\u0159ech<\/a><\/p>\n\n\n\n<p><em>Nenajdete tam p\u0159idan\u00e9 cukry, zahu\u0161\u0165ovadla ani nic jin\u00e9ho, jen a pouze o\u0159echy. P\u0159esto, \u017ee jsem vsadila na k\u0159upavou variantu, m\u00e1 m\u00e1slo chu\u0165ov\u011b jemnou konzistenci, kter\u00e1 je skv\u011bl\u00fdm kontrastem pro kousky k\u0159upav\u00fdch ara\u0161\u00edd\u016f, kter\u00e9 obsahuje.<\/em><\/p>\n\n\n\n<p>Lada Kr\u010dilov\u00e1 &#8211; jaktovybrat.cz:&nbsp;<a href=\"https:\/\/www.jaktovybrat.cz\/arasidove-maslo-ochutnejorech\/\" target=\"_blank\" rel=\"noopener\">Recenze ara\u0161\u00eddov\u00e9ho m\u00e1sla od Ochutnej o\u0159ech<\/a><\/p>\n","protected":false},"excerpt":{"rendered":"<p>Ka\u017edop\u00e1dn\u011b jsem na nic ne\u010dekal a hned jsem za\u010dal o\u0159\u00ed\u0161ky ochutn\u00e1vat. Co\u017e mo\u017en\u00e1 byla lehce chyba, proto\u017ee jsem n\u011bjak nemohl p\u0159estat:) D\u016fvodem byla naprosto fenomen\u00e1ln\u00ed chu\u0165 a to naprosto v\u0161eho, co jsem otev\u0159el. To jsem je\u0161t\u011b p\u0159i testov\u00e1n\u00ed neza\u017eil:) Radek \u010cern\u00fd \u2013 ecoblog.cz: Recenze Ochutnej o\u0159ech&nbsp; Tohle o\u0159\u00ed\u0161kov\u00e9 m\u00e1slo bylo takov\u00e9 tu\u017e\u0161\u00ed. Ale na funkci&#8230;<\/p>\n","protected":false},"author":2,"featured_media":0,"parent":0,"menu_order":0,"comment_status":"closed","ping_status":"closed","template":"","meta":{"_acf_changed":false,"_lmt_disableupdate":"","_lmt_disable":"","wprm-recipe-roundup-name":"","wprm-recipe-roundup-description":"","footnotes":""},"class_list":["post-5369","page","type-page","status-publish","hentry"],"featured_image_src":null,"acf":[],"_links":{"self":[{"href":"https:\/\/oocz.wps.cz\/wp-json\/wp\/v2\/pages\/5369","targetHints":{"allow":["GET"]}}],"collection":[{"href":"https:\/\/oocz.wps.cz\/wp-json\/wp\/v2\/pages"}],"about":[{"href":"https:\/\/oocz.wps.cz\/wp-json\/wp\/v2\/types\/page"}],"author":[{"embeddable":true,"href":"https:\/\/oocz.wps.cz\/wp-json\/wp\/v2\/users\/2"}],"replies":[{"embeddable":true,"href":"https:\/\/oocz.wps.cz\/wp-json\/wp\/v2\/comments?post=5369"}],"version-history":[{"count":4,"href":"https:\/\/oocz.wps.cz\/wp-json\/wp\/v2\/pages\/5369\/revisions"}],"predecessor-version":[{"id":8896,"href":"https:\/\/oocz.wps.cz\/wp-json\/wp\/v2\/pages\/5369\/revisions\/8896"}],"wp:attachment":[{"href":"https:\/\/oocz.wps.cz\/wp-json\/wp\/v2\/media?parent=5369"}],"curies":[{"name":"wp","href":"https:\/\/api.w.org\/{rel}","templated":true}]}}